{"id":974,"date":"2023-03-09T13:16:13","date_gmt":"2023-03-09T11:16:13","guid":{"rendered":"https:\/\/winesfromukraine.com\/?post_type=product&#038;p=974"},"modified":"2025-12-05T13:37:35","modified_gmt":"2025-12-05T11:37:35","slug":"chizay-carpathian-sekt-rose","status":"publish","type":"product","link":"https:\/\/winesfromukraine.com\/et\/toode\/chizay-carpathian-sekt-rose\/","title":{"rendered":"Chizay Carpathian Sekt ros\u00e9"},"content":{"rendered":"<p>Dry ros\u00e9 sparkling wine from Ukraine&#8217;s Zakarpattia region.<\/p>\n<table width=\"978\">\n<tbody>\n<tr>\n<td width=\"198\"><strong>Region<\/strong><\/td>\n<td width=\"255\"><strong>Zakarpattia<\/strong><\/td>\n<\/tr>\n<tr>\n<td width=\"198\"><strong>Year<\/strong><\/td>\n<td width=\"255\"><strong>2020<\/strong><\/td>\n<\/tr>\n<tr>\n<td width=\"198\"><strong>Grape<\/strong><\/td>\n<td width=\"255\"><strong>Blaufr\u00e4nkisch<\/strong><\/td>\n<\/tr>\n<tr>\n<td width=\"198\"><strong>Alcohol content<\/strong><\/td>\n<td width=\"255\"><strong>11,5%<\/strong><\/td>\n<\/tr>\n<tr>\n<td width=\"198\"><strong>The wine<\/strong><\/td>\n<td width=\"255\"><strong>Dry ros\u00e9 sparkling wine<\/strong><\/td>\n<\/tr>\n<\/tbody>\n<\/table>\n<p><b>Winemaker&#8217;s notes:<br \/>\n<\/b>Sparkling wine made 100% of Blaufr\u00e4nkisch grapes by the Charmat method.<\/p>\n<p><b>Characteristics:<br \/>\n<\/b>This beautiful Blaufr\u00e4nkisch sparkling ros\u00e9 is rich of red fruit aromas and has a fresh and mild taste with pleasant red flower notes in aftertaste.<\/p>\n<p><b>Food pairing:<\/b><br \/>\nExcellent aperitif. Goes well with fresh berries, i.e. strawberries. <span class=\"VIiyi\" lang=\"en\"><span class=\"JLqJ4b ChMk0b\"><span class=\"Q4iAWc\">Serving temperature: 10\u00b0C\/50F.<\/span><\/span><\/span><\/p>\n<p><strong>Ukraine TOP24<br \/>\n<\/strong>Europe&#8217;s six outstanding masters of wine: Wojciech Bonkowski MW, Sarah Abbott MW, Richard Bampfield MW, Cees van Casteren MW, Caro Maurer MW and Heidi M\u00e4kinen MW chose the best wines from Ukraine. Chizay Carpathian Sekt Ros\u00e9 was seleceted as the best ros\u00e9 from Ukraine.<\/p>\n<p><strong>Chateau Chizay:<br \/>\n<\/strong>Chateau Chizay is one of the most important wineries in Ukraine. The historical region of Zakarpattia is located in Western Ukraine, in the area of Carpathian Mountains where Ukraine borders Hungary, Poland, Romania and Slovakia.<\/p>\n<p><strong>Zakarpattia region:<br \/>\n<\/strong>Zakarpattia region has mild sun light which is wonderfully combined with optimal rainfall amount, and Carpathian Mountain landscape covers the vineyards from northern winds. Soil, full of minerals and micronutrient elements adds a unique taste to the grapes, and wine gains a very special nature.<\/p>\n<p>&nbsp;<\/p>\n<p>&nbsp;<\/p>\n","protected":false},"excerpt":{"rendered":"<p>The best sparkling ros\u00e9 from Ukraine. Selected by the masters of wine!<br \/>\nPrice per bottle (0,75 litre) is 14,99\u20ac, 19,87\u20ac per litre.<\/p>\n","protected":false},"featured_media":976,"template":"","meta":[],"product_brand":[],"product_cat":[75,72],"product_tag":[],"class_list":{"0":"post-974","1":"product","2":"type-product","3":"status-publish","4":"has-post-thumbnail","6":"product_cat-chateau-chizay","7":"product_cat-sparkling-wines","9":"first","10":"outofstock","11":"shipping-taxable","12":"purchasable","13":"product-type-simple"},"yoast_head":"<!-- This site is optimized with the Yoast SEO plugin v27.2 - https:\/\/yoast.com\/product\/yoast-seo-wordpress\/ -->\n<title>Chizay Carpathian Sekt ros\u00e9<\/title>\n<meta name=\"description\" content=\"Dry ros\u00e9 sparkling wine from Ukrianes&#039; Zakarpattia region. This beautiful Blaufr\u00e4nkisch sparkling ros\u00e9 is rich of red fruit aromas\" \/>\n<meta name=\"robots\" content=\"index, follow, max-snippet:-1, max-image-preview:large, max-video-preview:-1\" \/>\n<link rel=\"canonical\" href=\"https:\/\/winesfromukraine.com\/product\/chizay-carpathian-sekt-rose\/\" \/>\n<meta property=\"og:locale\" content=\"et_EE\" \/>\n<meta property=\"og:type\" content=\"article\" \/>\n<meta property=\"og:title\" content=\"Chizay Carpathian Sekt ros\u00e9\" \/>\n<meta property=\"og:description\" content=\"Dry ros\u00e9 sparkling wine from Ukrianes&#039; Zakarpattia region. This beautiful Blaufr\u00e4nkisch sparkling ros\u00e9 is rich of red fruit aromas\" \/>\n<meta property=\"og:url\" content=\"https:\/\/winesfromukraine.com\/product\/chizay-carpathian-sekt-rose\/\" \/>\n<meta property=\"og:site_name\" content=\"Wines from Ukraine\" \/>\n<meta property=\"article:modified_time\" content=\"2025-12-05T11:37:35+00:00\" \/>\n<meta property=\"og:image\" content=\"https:\/\/winesfromukraine.com\/wp-content\/uploads\/2023\/03\/Chizay-Carpathian-Sekt-Blaufrankisch.png\" \/>\n\t<meta property=\"og:image:width\" content=\"800\" \/>\n\t<meta property=\"og:image:height\" content=\"800\" \/>\n\t<meta property=\"og:image:type\" content=\"image\/png\" \/>\n<meta name=\"twitter:card\" content=\"summary_large_image\" \/>\n<meta name=\"twitter:label1\" content=\"Est. reading time\" \/>\n\t<meta name=\"twitter:data1\" content=\"2 minutit\" \/>\n<script type=\"application\/ld+json\" class=\"yoast-schema-graph\">{\"@context\":\"https:\/\/schema.org\",\"@graph\":[{\"@type\":\"WebPage\",\"@id\":\"https:\/\/winesfromukraine.com\/product\/chizay-carpathian-sekt-rose\/\",\"url\":\"https:\/\/winesfromukraine.com\/product\/chizay-carpathian-sekt-rose\/\",\"name\":\"Chizay Carpathian Sekt ros\u00e9\",\"isPartOf\":{\"@id\":\"https:\/\/winesfromukraine.com\/#website\"},\"primaryImageOfPage\":{\"@id\":\"https:\/\/winesfromukraine.com\/product\/chizay-carpathian-sekt-rose\/#primaryimage\"},\"image\":{\"@id\":\"https:\/\/winesfromukraine.com\/product\/chizay-carpathian-sekt-rose\/#primaryimage\"},\"thumbnailUrl\":\"https:\/\/winesfromukraine.com\/wp-content\/uploads\/2023\/03\/Chizay-Carpathian-Sekt-Blaufrankisch.png\",\"datePublished\":\"2023-03-09T11:16:13+00:00\",\"dateModified\":\"2025-12-05T11:37:35+00:00\",\"description\":\"Dry ros\u00e9 sparkling wine from Ukrianes' Zakarpattia region. This beautiful Blaufr\u00e4nkisch sparkling ros\u00e9 is rich of red fruit aromas\",\"breadcrumb\":{\"@id\":\"https:\/\/winesfromukraine.com\/product\/chizay-carpathian-sekt-rose\/#breadcrumb\"},\"inLanguage\":\"et\",\"potentialAction\":[{\"@type\":\"ReadAction\",\"target\":[\"https:\/\/winesfromukraine.com\/product\/chizay-carpathian-sekt-rose\/\"]}]},{\"@type\":\"ImageObject\",\"inLanguage\":\"et\",\"@id\":\"https:\/\/winesfromukraine.com\/product\/chizay-carpathian-sekt-rose\/#primaryimage\",\"url\":\"https:\/\/winesfromukraine.com\/wp-content\/uploads\/2023\/03\/Chizay-Carpathian-Sekt-Blaufrankisch.png\",\"contentUrl\":\"https:\/\/winesfromukraine.com\/wp-content\/uploads\/2023\/03\/Chizay-Carpathian-Sekt-Blaufrankisch.png\",\"width\":800,\"height\":800,\"caption\":\"Chizay Carpathian Sekt Blaufrankisch\"},{\"@type\":\"BreadcrumbList\",\"@id\":\"https:\/\/winesfromukraine.com\/product\/chizay-carpathian-sekt-rose\/#breadcrumb\",\"itemListElement\":[{\"@type\":\"ListItem\",\"position\":1,\"name\":\"Home\",\"item\":\"https:\/\/winesfromukraine.com\/\"},{\"@type\":\"ListItem\",\"position\":2,\"name\":\"Shop\",\"item\":\"https:\/\/winesfromukraine.com\/et\/shop-2\/\"},{\"@type\":\"ListItem\",\"position\":3,\"name\":\"Chizay Carpathian Sekt ros\u00e9\"}]},{\"@type\":\"WebSite\",\"@id\":\"https:\/\/winesfromukraine.com\/#website\",\"url\":\"https:\/\/winesfromukraine.com\/\",\"name\":\"Wines from Ukraine\",\"description\":\"Discover the World of Ukrainian Wines\",\"potentialAction\":[{\"@type\":\"SearchAction\",\"target\":{\"@type\":\"EntryPoint\",\"urlTemplate\":\"https:\/\/winesfromukraine.com\/?s={search_term_string}\"},\"query-input\":{\"@type\":\"PropertyValueSpecification\",\"valueRequired\":true,\"valueName\":\"search_term_string\"}}],\"inLanguage\":\"et\"}]}<\/script>\n<!-- \/ Yoast SEO plugin. -->","yoast_head_json":{"title":"Chizay Carpathian Sekt ros\u00e9","description":"Dry ros\u00e9 sparkling wine from Ukrianes' Zakarpattia region. This beautiful Blaufr\u00e4nkisch sparkling ros\u00e9 is rich of red fruit aromas","robots":{"index":"index","follow":"follow","max-snippet":"max-snippet:-1","max-image-preview":"max-image-preview:large","max-video-preview":"max-video-preview:-1"},"canonical":"https:\/\/winesfromukraine.com\/product\/chizay-carpathian-sekt-rose\/","og_locale":"et_EE","og_type":"article","og_title":"Chizay Carpathian Sekt ros\u00e9","og_description":"Dry ros\u00e9 sparkling wine from Ukrianes' Zakarpattia region. This beautiful Blaufr\u00e4nkisch sparkling ros\u00e9 is rich of red fruit aromas","og_url":"https:\/\/winesfromukraine.com\/product\/chizay-carpathian-sekt-rose\/","og_site_name":"Wines from Ukraine","article_modified_time":"2025-12-05T11:37:35+00:00","og_image":[{"width":800,"height":800,"url":"https:\/\/winesfromukraine.com\/wp-content\/uploads\/2023\/03\/Chizay-Carpathian-Sekt-Blaufrankisch.png","type":"image\/png"}],"twitter_card":"summary_large_image","twitter_misc":{"Est. reading time":"2 minutit"},"schema":{"@context":"https:\/\/schema.org","@graph":[{"@type":"WebPage","@id":"https:\/\/winesfromukraine.com\/product\/chizay-carpathian-sekt-rose\/","url":"https:\/\/winesfromukraine.com\/product\/chizay-carpathian-sekt-rose\/","name":"Chizay Carpathian Sekt ros\u00e9","isPartOf":{"@id":"https:\/\/winesfromukraine.com\/#website"},"primaryImageOfPage":{"@id":"https:\/\/winesfromukraine.com\/product\/chizay-carpathian-sekt-rose\/#primaryimage"},"image":{"@id":"https:\/\/winesfromukraine.com\/product\/chizay-carpathian-sekt-rose\/#primaryimage"},"thumbnailUrl":"https:\/\/winesfromukraine.com\/wp-content\/uploads\/2023\/03\/Chizay-Carpathian-Sekt-Blaufrankisch.png","datePublished":"2023-03-09T11:16:13+00:00","dateModified":"2025-12-05T11:37:35+00:00","description":"Dry ros\u00e9 sparkling wine from Ukrianes' Zakarpattia region. This beautiful Blaufr\u00e4nkisch sparkling ros\u00e9 is rich of red fruit aromas","breadcrumb":{"@id":"https:\/\/winesfromukraine.com\/product\/chizay-carpathian-sekt-rose\/#breadcrumb"},"inLanguage":"et","potentialAction":[{"@type":"ReadAction","target":["https:\/\/winesfromukraine.com\/product\/chizay-carpathian-sekt-rose\/"]}]},{"@type":"ImageObject","inLanguage":"et","@id":"https:\/\/winesfromukraine.com\/product\/chizay-carpathian-sekt-rose\/#primaryimage","url":"https:\/\/winesfromukraine.com\/wp-content\/uploads\/2023\/03\/Chizay-Carpathian-Sekt-Blaufrankisch.png","contentUrl":"https:\/\/winesfromukraine.com\/wp-content\/uploads\/2023\/03\/Chizay-Carpathian-Sekt-Blaufrankisch.png","width":800,"height":800,"caption":"Chizay Carpathian Sekt Blaufrankisch"},{"@type":"BreadcrumbList","@id":"https:\/\/winesfromukraine.com\/product\/chizay-carpathian-sekt-rose\/#breadcrumb","itemListElement":[{"@type":"ListItem","position":1,"name":"Home","item":"https:\/\/winesfromukraine.com\/"},{"@type":"ListItem","position":2,"name":"Shop","item":"https:\/\/winesfromukraine.com\/et\/shop-2\/"},{"@type":"ListItem","position":3,"name":"Chizay Carpathian Sekt ros\u00e9"}]},{"@type":"WebSite","@id":"https:\/\/winesfromukraine.com\/#website","url":"https:\/\/winesfromukraine.com\/","name":"Wines from Ukraine","description":"Discover the World of Ukrainian Wines","potentialAction":[{"@type":"SearchAction","target":{"@type":"EntryPoint","urlTemplate":"https:\/\/winesfromukraine.com\/?s={search_term_string}"},"query-input":{"@type":"PropertyValueSpecification","valueRequired":true,"valueName":"search_term_string"}}],"inLanguage":"et"}]}},"_links":{"self":[{"href":"https:\/\/winesfromukraine.com\/et\/wp-json\/wp\/v2\/product\/974","targetHints":{"allow":["GET"]}}],"collection":[{"href":"https:\/\/winesfromukraine.com\/et\/wp-json\/wp\/v2\/product"}],"about":[{"href":"https:\/\/winesfromukraine.com\/et\/wp-json\/wp\/v2\/types\/product"}],"wp:featuredmedia":[{"embeddable":true,"href":"https:\/\/winesfromukraine.com\/et\/wp-json\/wp\/v2\/media\/976"}],"wp:attachment":[{"href":"https:\/\/winesfromukraine.com\/et\/wp-json\/wp\/v2\/media?parent=974"}],"wp:term":[{"taxonomy":"product_brand","embeddable":true,"href":"https:\/\/winesfromukraine.com\/et\/wp-json\/wp\/v2\/product_brand?post=974"},{"taxonomy":"product_cat","embeddable":true,"href":"https:\/\/winesfromukraine.com\/et\/wp-json\/wp\/v2\/product_cat?post=974"},{"taxonomy":"product_tag","embeddable":true,"href":"https:\/\/winesfromukraine.com\/et\/wp-json\/wp\/v2\/product_tag?post=974"}],"curies":[{"name":"wp","href":"https:\/\/api.w.org\/{rel}","templated":true}]}}